{"id":6850,"date":"2026-01-31T15:27:39","date_gmt":"2026-01-31T15:27:39","guid":{"rendered":"https:\/\/geneveinvest.ch.zeus.metanet.ch\/?page_id=6850"},"modified":"2026-02-19T17:23:59","modified_gmt":"2026-02-19T17:23:59","slug":"e-books","status":"publish","type":"page","link":"https:\/\/www.geneveinvest.ch\/fr\/e-books\/","title":{"rendered":"E-Books"},"content":{"rendered":"\t\t<div data-elementor-type=\"wp-page\" data-elementor-id=\"6850\" class=\"elementor elementor-6850\" data-elementor-settings=\"{&quot;ha_cmc_init_switcher&quot;:&quot;no&quot;}\" data-elementor-post-type=\"page\">\n\t\t\t\t<div class=\"elementor-element elementor-element-5d4191c9 e-con-full e-flex e-con e-parent\" data-id=\"5d4191c9\" data-element_type=\"container\" data-e-type=\"container\" data-settings=\"{&quot;background_background&quot;:&quot;classic&quot;,&quot;_ha_eqh_enable&quot;:false}\">\n\t\t<div class=\"elementor-element elementor-element-3d12689a e-flex e-con-boxed e-con e-child\" data-id=\"3d12689a\" data-element_type=\"container\" data-e-type=\"container\" data-settings=\"{&quot;_ha_eqh_enable&quot;:false}\">\n\t\t\t\t\t<div class=\"e-con-inner\">\n\t\t<div class=\"elementor-element elementor-element-cb5c32e e-con-full parallelogram-breakout e-flex elementor-invisible e-con e-child\" data-id=\"cb5c32e\" data-element_type=\"container\" data-e-type=\"container\" data-settings=\"{&quot;background_background&quot;:&quot;classic&quot;,&quot;animation&quot;:&quot;fadeInLeft&quot;,&quot;_ha_eqh_enable&quot;:false}\">\n\t\t\t\t<div class=\"elementor-element elementor-element-3990ecd elementor-widget__width-initial elementor-widget-tablet__width-initial elementor-widget elementor-widget-heading\" data-id=\"3990ecd\" data-element_type=\"widget\" data-e-type=\"widget\" data-widget_type=\"heading.default\">\n\t\t\t\t\t<h2 class=\"elementor-heading-title elementor-size-default\">Mit unseren E-Books \nbestens informiert<\/h2>\t\t\t\t<\/div>\n\t\t\t\t<div class=\"elementor-element elementor-element-3d496816 elementor-widget elementor-widget-heading\" data-id=\"3d496816\" data-element_type=\"widget\" data-e-type=\"widget\" data-widget_type=\"heading.default\">\n\t\t\t\t\t<h2 class=\"elementor-heading-title elementor-size-default\">Jetzt exklusiven Zugang sichern<\/h2>\t\t\t\t<\/div>\n\t\t\t\t<\/div>\n\t\t\t\t\t<\/div>\n\t\t\t\t<\/div>\n\t\t<div class=\"elementor-element elementor-element-4595bb2c e-con-full e-flex e-con e-child\" data-id=\"4595bb2c\" data-element_type=\"container\" data-e-type=\"container\" data-settings=\"{&quot;_ha_eqh_enable&quot;:false}\">\n\t\t<div class=\"elementor-element elementor-element-650a81d0 e-flex e-con-boxed e-con e-child\" data-id=\"650a81d0\" data-element_type=\"container\" data-e-type=\"container\" data-settings=\"{&quot;_ha_eqh_enable&quot;:false}\">\n\t\t\t\t\t<div class=\"e-con-inner\">\n\t\t\t\t<div class=\"elementor-element elementor-element-223902c9 e-transform elementor-widget elementor-widget-button\" data-id=\"223902c9\" data-element_type=\"widget\" data-e-type=\"widget\" data-settings=\"{&quot;_transform_scale_effect_hover&quot;:{&quot;unit&quot;:&quot;px&quot;,&quot;size&quot;:1.020000000000000017763568394002504646778106689453125,&quot;sizes&quot;:[]},&quot;_transform_scale_effect_hover_tablet&quot;:{&quot;unit&quot;:&quot;px&quot;,&quot;size&quot;:&quot;&quot;,&quot;sizes&quot;:[]},&quot;_transform_scale_effect_hover_mobile&quot;:{&quot;unit&quot;:&quot;px&quot;,&quot;size&quot;:&quot;&quot;,&quot;sizes&quot;:[]}}\" data-widget_type=\"button.default\">\n\t\t\t\t\t\t\t\t\t\t<a class=\"elementor-button elementor-button-link elementor-size-sm\" href=\"\/kontakt\">\n\t\t\t\t\t\t<span class=\"elementor-button-content-wrapper\">\n\t\t\t\t\t\t\t\t\t<span class=\"elementor-button-text\">Jetzt Gespr\u00e4ch vereinbaren<\/span>\n\t\t\t\t\t<\/span>\n\t\t\t\t\t<\/a>\n\t\t\t\t\t\t\t\t<\/div>\n\t\t\t\t<div class=\"elementor-element elementor-element-2234e294 e-transform elementor-widget elementor-widget-button\" data-id=\"2234e294\" data-element_type=\"widget\" data-e-type=\"widget\" data-settings=\"{&quot;_transform_scale_effect_hover&quot;:{&quot;unit&quot;:&quot;px&quot;,&quot;size&quot;:1.020000000000000017763568394002504646778106689453125,&quot;sizes&quot;:[]},&quot;_transform_scale_effect_hover_tablet&quot;:{&quot;unit&quot;:&quot;px&quot;,&quot;size&quot;:&quot;&quot;,&quot;sizes&quot;:[]},&quot;_transform_scale_effect_hover_mobile&quot;:{&quot;unit&quot;:&quot;px&quot;,&quot;size&quot;:&quot;&quot;,&quot;sizes&quot;:[]}}\" data-widget_type=\"button.default\">\n\t\t\t\t\t\t\t\t\t\t<a class=\"elementor-button elementor-button-link elementor-size-sm\" href=\"https:\/\/www.geneveinvest.ch\/wp-content\/uploads\/2026\/02\/Muster-Depot-100k-E.pdf\" target=\"_blank\">\n\t\t\t\t\t\t<span class=\"elementor-button-content-wrapper\">\n\t\t\t\t\t\t\t\t\t<span class=\"elementor-button-text\">Ihr Zinskalender f\u00fcr Verm\u00f6gen ab 100.000 EUR<\/span>\n\t\t\t\t\t<\/span>\n\t\t\t\t\t<\/a>\n\t\t\t\t\t\t\t\t<\/div>\n\t\t\t\t\t<\/div>\n\t\t\t\t<\/div>\n\t\t\t\t<\/div>\n\t\t<div class=\"elementor-element elementor-element-789d177c e-con-full e-flex e-con e-child\" data-id=\"789d177c\" data-element_type=\"container\" data-e-type=\"container\" data-settings=\"{&quot;position&quot;:&quot;absolute&quot;,&quot;_ha_eqh_enable&quot;:false}\">\n\t\t\t\t<div class=\"elementor-element elementor-element-4093479a ha-has-bg-overlay elementor-widget elementor-widget-heading\" data-id=\"4093479a\" data-element_type=\"widget\" data-e-type=\"widget\" data-widget_type=\"heading.default\">\n\t\t\t\t\t<h2 class=\"elementor-heading-title elementor-size-default\">Marketingkommunikation. Keine Rendite-\/Kapitalgarantie. Risiken: Markt-, Zins-, Kurs-, Ausfall- und ggf. W\u00e4hrungsrisiken. Vergangene Entwicklung ist kein verl\u00e4sslicher Indikator.<\/h2>\t\t\t\t<\/div>\n\t\t\t\t<\/div>\n\t\t\t\t<\/div>\n\t\t<div class=\"elementor-element elementor-element-447eda6 e-flex e-con-boxed e-con e-parent\" data-id=\"447eda6\" data-element_type=\"container\" data-e-type=\"container\" data-settings=\"{&quot;background_background&quot;:&quot;classic&quot;,&quot;_ha_eqh_enable&quot;:false}\">\n\t\t\t\t\t<div class=\"e-con-inner\">\n\t\t<div class=\"elementor-element elementor-element-02f6b21 e-flex e-con-boxed e-con e-child\" data-id=\"02f6b21\" data-element_type=\"container\" data-e-type=\"container\" data-settings=\"{&quot;_ha_eqh_enable&quot;:false}\">\n\t\t\t\t\t<div class=\"e-con-inner\">\n\t\t\t\t<div class=\"elementor-element elementor-element-92907bf elementor-widget__width-initial elementor-widget elementor-widget-heading\" data-id=\"92907bf\" data-element_type=\"widget\" data-e-type=\"widget\" data-widget_type=\"heading.default\">\n\t\t\t\t\t<h2 class=\"elementor-heading-title elementor-size-default\">Fordern Sie jetzt Ihr E-Book an und erhalten Sie fundierte Einblicke in nachhaltigen Verm\u00f6gensaufbau<\/h2>\t\t\t\t<\/div>\n\t\t\t\t<div class=\"elementor-element elementor-element-9bd9fcb elementor-widget__width-initial elementor-widget elementor-widget-heading\" data-id=\"9bd9fcb\" data-element_type=\"widget\" data-e-type=\"widget\" data-widget_type=\"heading.default\">\n\t\t\t\t\t<h2 class=\"elementor-heading-title elementor-size-default\">Dieses E-Book beleuchtet die Rolle von Aktien und Unternehmensanleihen im langfristigen Verm\u00f6gensaufbau.\nErfahren Sie, wie Ertr\u00e4ge, Risiken und Zeithorizonte sinnvoll aufeinander abgestimmt werden k\u00f6nnen.\nKlar, fundiert und aus Sicht der Verm\u00f6gensverwaltung.<\/h2>\t\t\t\t<\/div>\n\t\t\t\t\t<\/div>\n\t\t\t\t<\/div>\n\t\t<div class=\"elementor-element elementor-element-9abda70 e-con-full e-flex e-con e-child\" data-id=\"9abda70\" data-element_type=\"container\" data-e-type=\"container\" data-settings=\"{&quot;_ha_eqh_enable&quot;:false}\">\n\t\t\t\t<div class=\"elementor-element elementor-element-12ca91d elementor-widget elementor-widget-wpforms\" data-id=\"12ca91d\" data-element_type=\"widget\" data-e-type=\"widget\" data-widget_type=\"wpforms.default\">\n\t\t\t\t<div class=\"elementor-widget-container\">\n\t\t\t\t\t<style id=\"wpforms-css-vars-elementor-widget-12ca91d\">\n\t\t\t\t.elementor-widget-wpforms.elementor-element-12ca91d {\n\t\t\t\t--wpforms-field-border-style: none;\n--wpforms-field-border-radius: 5px;\n--wpforms-field-background-color: #FFFFFF;\n--wpforms-label-color: #0A0808;\n--wpforms-label-error-color: #F2A413;\n--wpforms-button-border-radius: 5px;\n--wpforms-button-background-color: #F2A413;\n--wpforms-button-text-color: #0A0808;\n--wpforms-container-border-radius: 5px;\n--wpforms-field-border-size: 0px;\n\t\t\t}\n\t\t\t<\/style><div class=\"wpforms-container wpforms-container-full wpforms-render-modern\" id=\"wpforms-7848\"><form id=\"wpforms-form-7848\" class=\"wpforms-validate wpforms-form wpforms-ajax-form\" data-formid=\"7848\" method=\"post\" enctype=\"multipart\/form-data\" action=\"\/fr\/wp-json\/wp\/v2\/pages\/6850\" data-token=\"64aec322f66809efda0edc2943c56b82\" data-token-time=\"1776483756\"><noscript class=\"wpforms-error-noscript\">Veuillez activer JavaScript dans votre navigateur pour remplir ce formulaire.<\/noscript><div id=\"wpforms-error-noscript\" style=\"display: none;\">Veuillez activer JavaScript dans votre navigateur pour remplir ce formulaire.<\/div><div class=\"wpforms-field-container\">\t\t<div id=\"wpforms-7848-field_6-container\"\n\t\t\tclass=\"wpforms-field wpforms-field-text\"\n\t\t\tdata-field-type=\"text\"\n\t\t\tdata-field-id=\"6\"\n\t\t\t>\n\t\t\t<label class=\"wpforms-field-label\" for=\"wpforms-7848-field_6\" >Ihr aus Investitionsvolumen<\/label>\n\t\t\t<input type=\"text\" id=\"wpforms-7848-field_6\" class=\"wpforms-field-medium\" name=\"wpforms[fields][6]\" >\n\t\t<\/div>\n\t\t<div id=\"wpforms-7848-field_1-container\" class=\"wpforms-field wpforms-field-name\" data-field-id=\"1\"><fieldset><legend class=\"wpforms-field-label\">Name <span class=\"wpforms-required-label\" aria-hidden=\"true\">*<\/span><\/legend><div class=\"wpforms-field-row wpforms-field-medium\"><div class=\"wpforms-field-row-block wpforms-first wpforms-one-half\"><input type=\"text\" id=\"wpforms-7848-field_1\" class=\"wpforms-field-name-first wpforms-field-required\" name=\"wpforms[fields][1][first]\" aria-errormessage=\"wpforms-7848-field_1-error\" required><label for=\"wpforms-7848-field_1\" class=\"wpforms-field-sublabel after\">Pr\u00e9nom<\/label><\/div><div class=\"wpforms-field-row-block wpforms-one-half\"><input type=\"text\" id=\"wpforms-7848-field_1-last\" class=\"wpforms-field-name-last wpforms-field-required\" name=\"wpforms[fields][1][last]\" aria-errormessage=\"wpforms-7848-field_1-last-error\" required><label for=\"wpforms-7848-field_1-last\" class=\"wpforms-field-sublabel after\">Nom<\/label><\/div><\/div><\/fieldset><\/div><div id=\"wpforms-7848-field_2-container\" class=\"wpforms-field wpforms-field-phone\" data-field-id=\"2\"><label class=\"wpforms-field-label\" for=\"wpforms-7848-field_2\">Telefonnummer <span class=\"wpforms-required-label\" aria-hidden=\"true\">*<\/span><\/label><input type=\"tel\" id=\"wpforms-7848-field_2\" class=\"wpforms-field-medium wpforms-field-required\" data-rule-int-phone-field=\"true\" name=\"wpforms[fields][2]\" aria-label=\"Telefonnummer\" aria-errormessage=\"wpforms-7848-field_2-error\" required><\/div><div id=\"wpforms-7848-field_3-container\" class=\"wpforms-field wpforms-field-email\" data-field-id=\"3\"><label class=\"wpforms-field-label\" for=\"wpforms-7848-field_3\">E-Mail-Adresse <span class=\"wpforms-required-label\" aria-hidden=\"true\">*<\/span><\/label><input type=\"email\" id=\"wpforms-7848-field_3\" class=\"wpforms-field-medium wpforms-field-required\" name=\"wpforms[fields][3]\" spellcheck=\"false\" aria-errormessage=\"wpforms-7848-field_3-error\" required><\/div><div id=\"wpforms-7848-field_5-container\" class=\"wpforms-field wpforms-field-text\" data-field-id=\"5\"><label class=\"wpforms-field-label\" for=\"wpforms-7848-field_5\">Investitionsvolumen <span class=\"wpforms-required-label\" aria-hidden=\"true\">*<\/span><\/label><input type=\"text\" id=\"wpforms-7848-field_5\" class=\"wpforms-field-medium wpforms-field-required\" name=\"wpforms[fields][5]\" placeholder=\"ab 100.000 \u20ac\" aria-errormessage=\"wpforms-7848-field_5-error\" required><\/div><div id=\"wpforms-7848-field_4-container\" class=\"wpforms-field wpforms-field-checkbox\" data-field-id=\"4\"><fieldset><legend class=\"wpforms-field-label\">W\u00e4hlen Sie Ihr E-Book aus<\/legend><ul id=\"wpforms-7848-field_4\"><li class=\"choice-1 depth-1\"><input type=\"checkbox\" id=\"wpforms-7848-field_4_1\" name=\"wpforms[fields][4][]\" value=\"Kapitalmarkt Ausblick 1. Halbjahr 2026\" aria-errormessage=\"wpforms-7848-field_4_1-error\"  ><label class=\"wpforms-field-label-inline\" for=\"wpforms-7848-field_4_1\">Kapitalmarkt Ausblick 1. Halbjahr 2026<\/label><\/li><li class=\"choice-2 depth-1\"><input type=\"checkbox\" id=\"wpforms-7848-field_4_2\" name=\"wpforms[fields][4][]\" value=\"Chancen Nutzen und Risiken verstehen\" aria-errormessage=\"wpforms-7848-field_4_2-error\"  ><label class=\"wpforms-field-label-inline\" for=\"wpforms-7848-field_4_2\">Chancen Nutzen und Risiken verstehen<\/label><\/li><li class=\"choice-3 depth-1\"><input type=\"checkbox\" id=\"wpforms-7848-field_4_3\" name=\"wpforms[fields][4][]\" value=\"10 wichtige Ratschl\u00e4ge f\u00fcr den Ruhestand\" aria-errormessage=\"wpforms-7848-field_4_3-error\"  ><label class=\"wpforms-field-label-inline\" for=\"wpforms-7848-field_4_3\">10 wichtige Ratschl\u00e4ge f\u00fcr den Ruhestand<\/label><\/li><li class=\"choice-4 depth-1\"><input type=\"checkbox\" id=\"wpforms-7848-field_4_4\" name=\"wpforms[fields][4][]\" value=\"7 gute Argumente f\u00fcr Unternehmensanleihen\" aria-errormessage=\"wpforms-7848-field_4_4-error\"  ><label class=\"wpforms-field-label-inline\" for=\"wpforms-7848-field_4_4\">7 gute Argumente f\u00fcr Unternehmensanleihen<\/label><\/li><li class=\"choice-5 depth-1\"><input type=\"checkbox\" id=\"wpforms-7848-field_4_5\" name=\"wpforms[fields][4][]\" value=\"Wie Sie mit Unternehmensanleihen stabile Ertr\u00e4ge erzielen\" aria-errormessage=\"wpforms-7848-field_4_5-error\"  ><label class=\"wpforms-field-label-inline\" for=\"wpforms-7848-field_4_5\">Wie Sie mit Unternehmensanleihen stabile Ertr\u00e4ge erzielen<\/label><\/li><\/ul><\/fieldset><\/div><script>\n\t\t\t\t( function() {\n\t\t\t\t\tconst style = document.createElement( 'style' );\n\t\t\t\t\tstyle.appendChild( document.createTextNode( '#wpforms-7848-field_6-container { position: absolute !important; overflow: hidden !important; display: inline !important; height: 1px !important; width: 1px !important; z-index: -1000 !important; padding: 0 !important; } #wpforms-7848-field_6-container input { visibility: hidden; } #wpforms-conversational-form-page #wpforms-7848-field_6-container label { counter-increment: none; }' ) );\n\t\t\t\t\tdocument.head.appendChild( style );\n\t\t\t\t\tdocument.currentScript?.remove();\n\t\t\t\t} )();\n\t\t\t<\/script><\/div><!-- .wpforms-field-container --><div class=\"wpforms-submit-container\" ><input type=\"hidden\" name=\"wpforms[id]\" value=\"7848\"><input type=\"hidden\" name=\"page_title\" value=\"\"><input type=\"hidden\" name=\"page_url\" value=\"https:\/\/www.geneveinvest.ch\/fr\/wp-json\/wp\/v2\/pages\/6850\"><input type=\"hidden\" name=\"url_referer\" value=\"\"><button type=\"submit\" name=\"wpforms[submit]\" id=\"wpforms-submit-7848\" class=\"wpforms-submit\" data-alt-text=\"Wird gesendet\u00a0\u2026\" data-submit-text=\"E-Book Anfordern\" aria-live=\"assertive\" value=\"wpforms-submit\">E-Book Anfordern<\/button><img decoding=\"async\" src=\"https:\/\/www.geneveinvest.ch\/wp-content\/plugins\/wpforms\/assets\/images\/submit-spin.svg\" class=\"wpforms-submit-spinner\" style=\"display: none;\" width=\"26\" height=\"26\" alt=\"Chargement en cours\"><\/div><\/form><\/div>  <!-- .wpforms-container -->\t\t\t\t<\/div>\n\t\t\t\t<\/div>\n\t\t\t\t<div class=\"elementor-element elementor-element-bb71f6f elementor-widget elementor-widget-heading\" data-id=\"bb71f6f\" data-element_type=\"widget\" data-e-type=\"widget\" data-widget_type=\"heading.default\">\n\t\t\t\t\t<h2 class=\"elementor-heading-title elementor-size-default\">Mit dem Absenden dieses Formulars erkl\u00e4ren Sie sich damit einverstanden, von Gen\u00e8ve Invest telefonisch oder per E-Mail kontaktiert zu werden. Ihre Daten werden ausschlie\u00dflich zur besseren Servicebereitstellung genutzt.<\/h2>\t\t\t\t<\/div>\n\t\t\t\t<\/div>\n\t\t\t\t\t<\/div>\n\t\t\t\t<\/div>\n\t\t\t\t<\/div>\n\t\t","protected":false},"excerpt":{"rendered":"<p>Mit unseren E-Books bestens informiert Jetzt exklusiven Zugang sichern Jetzt Gespr\u00e4ch vereinbaren Ihr Zinskalender f\u00fcr Verm\u00f6gen ab 100.000 EUR Marketingkommunikation. Keine Rendite-\/Kapitalgarantie. Risiken: Markt-, Zins-, Kurs-, Ausfall- und ggf. W\u00e4hrungsrisiken. Vergangene Entwicklung ist kein verl\u00e4sslicher Indikator. Fordern Sie jetzt Ihr E-Book an und erhalten Sie fundierte Einblicke in nachhaltigen Verm\u00f6gensaufbau Dieses E-Book beleuchtet die Rolle [&hellip;]<\/p>\n","protected":false},"author":1,"featured_media":0,"parent":0,"menu_order":0,"comment_status":"closed","ping_status":"closed","template":"","meta":{"footnotes":""},"class_list":["post-6850","page","type-page","status-publish","hentry"],"_links":{"self":[{"href":"https:\/\/www.geneveinvest.ch\/fr\/wp-json\/wp\/v2\/pages\/6850","targetHints":{"allow":["GET"]}}],"collection":[{"href":"https:\/\/www.geneveinvest.ch\/fr\/wp-json\/wp\/v2\/pages"}],"about":[{"href":"https:\/\/www.geneveinvest.ch\/fr\/wp-json\/wp\/v2\/types\/page"}],"author":[{"embeddable":true,"href":"https:\/\/www.geneveinvest.ch\/fr\/wp-json\/wp\/v2\/users\/1"}],"replies":[{"embeddable":true,"href":"https:\/\/www.geneveinvest.ch\/fr\/wp-json\/wp\/v2\/comments?post=6850"}],"version-history":[{"count":12,"href":"https:\/\/www.geneveinvest.ch\/fr\/wp-json\/wp\/v2\/pages\/6850\/revisions"}],"predecessor-version":[{"id":8689,"href":"https:\/\/www.geneveinvest.ch\/fr\/wp-json\/wp\/v2\/pages\/6850\/revisions\/8689"}],"wp:attachment":[{"href":"https:\/\/www.geneveinvest.ch\/fr\/wp-json\/wp\/v2\/media?parent=6850"}],"curies":[{"name":"wp","href":"https:\/\/api.w.org\/{rel}","templated":true}]}}