{"id":5116,"date":"2026-01-24T17:32:43","date_gmt":"2026-01-24T17:32:43","guid":{"rendered":"https:\/\/geneveinvest.ch.zeus.metanet.ch\/?page_id=5116"},"modified":"2026-02-25T11:22:45","modified_gmt":"2026-02-25T11:22:45","slug":"mentions-legales","status":"publish","type":"page","link":"https:\/\/www.geneveinvest.ch\/fr\/impressum\/","title":{"rendered":"Mentions l\u00e9gales"},"content":{"rendered":"<div data-elementor-type=\"wp-page\" data-elementor-id=\"5116\" class=\"elementor elementor-5116\" data-elementor-settings=\"{&quot;ha_cmc_init_switcher&quot;:&quot;no&quot;}\" data-elementor-post-type=\"page\">\n\t\t\t\t<div class=\"elementor-element elementor-element-4e831c3 e-flex e-con-boxed e-con e-parent\" data-id=\"4e831c3\" data-element_type=\"container\" data-e-type=\"container\" data-settings=\"{&quot;_ha_eqh_enable&quot;:false}\">\n\t\t\t\t\t<div class=\"e-con-inner\">\n\t\t\t\t<div class=\"elementor-element elementor-element-9cc3b96 elementor-widget elementor-widget-heading\" data-id=\"9cc3b96\" data-element_type=\"widget\" data-e-type=\"widget\" data-widget_type=\"heading.default\">\n\t\t\t\t\t<h2 class=\"elementor-heading-title elementor-size-default\">Mentions l\u00e9gales<\/h2>\t\t\t\t<\/div>\n\t\t\t\t\t<\/div>\n\t\t\t\t<\/div>\n\t\t<div class=\"elementor-element elementor-element-e1dccec e-flex e-con-boxed e-con e-parent\" data-id=\"e1dccec\" data-element_type=\"container\" data-e-type=\"container\" data-settings=\"{&quot;_ha_eqh_enable&quot;:false}\">\n\t\t\t\t\t<div class=\"e-con-inner\">\n\t\t\t\t<div class=\"elementor-element elementor-element-8c22362 elementor-widget elementor-widget-heading\" data-id=\"8c22362\" data-element_type=\"widget\" data-e-type=\"widget\" data-widget_type=\"heading.default\">\n\t\t\t\t\t<h2 class=\"elementor-heading-title elementor-size-default\">Gen\u00e8ve Invest S\u00e0rl<\/h2>\t\t\t\t<\/div>\n\t\t\t\t<div class=\"elementor-element elementor-element-07a8b89 elementor-widget elementor-widget-heading\" data-id=\"07a8b89\" data-element_type=\"widget\" data-e-type=\"widget\" data-widget_type=\"heading.default\">\n\t\t\t\t\t<h2 class=\"elementor-heading-title elementor-size-default\">Si\u00e8ge social et adresse de domicile :<br>\n\nGen\u00e8ve Invest S\u00e0rl<br>\n\nPlace Ruth-B\u00f6siger 6<br>\n\nGen\u00e8ve, Suisse<\/h2>\t\t\t\t<\/div>\n\t\t\t\t\t<\/div>\n\t\t\t\t<\/div>\n\t\t<div class=\"elementor-element elementor-element-f3db265 e-flex e-con-boxed e-con e-parent\" data-id=\"f3db265\" data-element_type=\"container\" data-e-type=\"container\" data-settings=\"{&quot;_ha_eqh_enable&quot;:false}\">\n\t\t\t\t\t<div class=\"e-con-inner\">\n\t\t\t\t<div class=\"elementor-element elementor-element-c266987 elementor-widget elementor-widget-heading\" data-id=\"c266987\" data-element_type=\"widget\" data-e-type=\"widget\" data-widget_type=\"heading.default\">\n\t\t\t\t\t<h2 class=\"elementor-heading-title elementor-size-default\">Gen\u00e8ve Invest S\u00e0rl est inscrite au registre du commerce du canton de Gen\u00e8ve<\/h2>\t\t\t\t<\/div>\n\t\t\t\t<div class=\"elementor-element elementor-element-789136e elementor-widget elementor-widget-heading\" data-id=\"789136e\" data-element_type=\"widget\" data-e-type=\"widget\" data-widget_type=\"heading.default\">\n\t\t\t\t\t<h2 class=\"elementor-heading-title elementor-size-default\">Raison sociale :\nGen\u00e8ve Invest S\u00e0rl<\/h2>\t\t\t\t<\/div>\n\t\t\t\t<div class=\"elementor-element elementor-element-fd7b795 elementor-widget elementor-widget-heading\" data-id=\"fd7b795\" data-element_type=\"widget\" data-e-type=\"widget\" data-widget_type=\"heading.default\">\n\t\t\t\t\t<h2 class=\"elementor-heading-title elementor-size-default\">Forme juridique :\nSoci\u00e9t\u00e9 \u00e0 responsabilit\u00e9 limit\u00e9e (S\u00e0rl)<\/h2>\t\t\t\t<\/div>\n\t\t\t\t<div class=\"elementor-element elementor-element-2c7553a elementor-widget elementor-widget-heading\" data-id=\"2c7553a\" data-element_type=\"widget\" data-e-type=\"widget\" data-widget_type=\"heading.default\">\n\t\t\t\t\t<h2 class=\"elementor-heading-title elementor-size-default\">Num\u00e9ro du registre du commerce :\nCH-660.0.723.002-0<\/h2>\t\t\t\t<\/div>\n\t\t\t\t<div class=\"elementor-element elementor-element-14b00dd elementor-widget elementor-widget-heading\" data-id=\"14b00dd\" data-element_type=\"widget\" data-e-type=\"widget\" data-widget_type=\"heading.default\">\n\t\t\t\t\t<h2 class=\"elementor-heading-title elementor-size-default\">Num\u00e9ro de TVA :\nCHE-109.544.620 TVA<\/h2>\t\t\t\t<\/div>\n\t\t\t\t<div class=\"elementor-element elementor-element-ffa3479 elementor-widget elementor-widget-heading\" data-id=\"ffa3479\" data-element_type=\"widget\" data-e-type=\"widget\" data-widget_type=\"heading.default\">\n\t\t\t\t\t<h2 class=\"elementor-heading-title elementor-size-default\">Num\u00e9ro IDE :\nCHE-109.544.620<\/h2>\t\t\t\t<\/div>\n\t\t\t\t<div class=\"elementor-element elementor-element-60f2e59 elementor-widget elementor-widget-heading\" data-id=\"60f2e59\" data-element_type=\"widget\" data-e-type=\"widget\" data-widget_type=\"heading.default\">\n\t\t\t\t\t<h2 class=\"elementor-heading-title elementor-size-default\">Date d\u2019inscription :\n10.04.2002<\/h2>\t\t\t\t<\/div>\n\t\t\t\t\t<\/div>\n\t\t\t\t<\/div>\n\t\t\t\t<\/div>","protected":false},"excerpt":{"rendered":"<p>Impressum Gen\u00e8ve Invest S\u00e0rl Sitz und Domiziladresse : Gen\u00e8ve Invest S\u00e0rl Place Ruth-B\u00f6siger 6 Genf, Schweiz Gen\u00e8ve Invest S\u00e0rl ist im Handelsregister des Kantons Genf eingetragen Firma: Gen\u00e8ve Invest S\u00e0rl Rechtsform: Gesellschaft mit beschr\u00e4nkter Haftung (GmbH) Handelsregisternummer: CH-660.0.723.002-0 Mehrwertsteuernummer (MWST): CHE-109.544.620 MWST UID-Nummer: CHE-109.544.620 Eintragungsdatum: 10.04.2002<\/p>","protected":false},"author":1,"featured_media":0,"parent":0,"menu_order":0,"comment_status":"closed","ping_status":"closed","template":"","meta":{"footnotes":""},"class_list":["post-5116","page","type-page","status-publish","hentry"],"_links":{"self":[{"href":"https:\/\/www.geneveinvest.ch\/fr\/wp-json\/wp\/v2\/pages\/5116","targetHints":{"allow":["GET"]}}],"collection":[{"href":"https:\/\/www.geneveinvest.ch\/fr\/wp-json\/wp\/v2\/pages"}],"about":[{"href":"https:\/\/www.geneveinvest.ch\/fr\/wp-json\/wp\/v2\/types\/page"}],"author":[{"embeddable":true,"href":"https:\/\/www.geneveinvest.ch\/fr\/wp-json\/wp\/v2\/users\/1"}],"replies":[{"embeddable":true,"href":"https:\/\/www.geneveinvest.ch\/fr\/wp-json\/wp\/v2\/comments?post=5116"}],"version-history":[{"count":6,"href":"https:\/\/www.geneveinvest.ch\/fr\/wp-json\/wp\/v2\/pages\/5116\/revisions"}],"predecessor-version":[{"id":8850,"href":"https:\/\/www.geneveinvest.ch\/fr\/wp-json\/wp\/v2\/pages\/5116\/revisions\/8850"}],"wp:attachment":[{"href":"https:\/\/www.geneveinvest.ch\/fr\/wp-json\/wp\/v2\/media?parent=5116"}],"curies":[{"name":"wp","href":"https:\/\/api.w.org\/{rel}","templated":true}]}}